{"id":2182,"date":"2024-11-25T20:23:36","date_gmt":"2024-11-25T20:23:36","guid":{"rendered":"https:\/\/tltkindergarten.com\/?page_id=2182"},"modified":"2026-03-19T15:48:00","modified_gmt":"2026-03-19T15:48:00","slug":"projekt-internet-stranica-djecjeg-vrtica-drvo-znanja","status":"publish","type":"page","link":"https:\/\/tltkindergarten.com\/hr\/projekt-internet-stranica-djecjeg-vrtica-drvo-znanja\/","title":{"rendered":"Projekt &#8211; Internet stranica Dje\u010djeg vrti\u0107a DRVO ZNANJA"},"content":{"rendered":"<div class=\"fusion-fullwidth fullwidth-box fusion-builder-row-1 fusion-flex-container has-pattern-background has-mask-background nonhundred-percent-fullwidth non-hundred-percent-height-scrolling\" style=\"--awb-border-radius-top-left:0px;--awb-border-radius-top-right:0px;--awb-border-radius-bottom-right:0px;--awb-border-radius-bottom-left:0px;--awb-flex-wrap:wrap;\" ><div class=\"fusion-builder-row fusion-row fusion-flex-align-items-flex-start fusion-flex-content-wrap\" style=\"max-width:1404px;margin-left: calc(-4% \/ 2 );margin-right: calc(-4% \/ 2 );\"><div class=\"fusion-layout-column fusion_builder_column fusion-builder-column-0 fusion_builder_column_1_1 1_1 fusion-flex-column\" style=\"--awb-bg-size:cover;--awb-width-large:100%;--awb-margin-top-large:0px;--awb-spacing-right-large:1.92%;--awb-margin-bottom-large:50px;--awb-spacing-left-large:1.92%;--awb-width-medium:100%;--awb-order-medium:0;--awb-spacing-right-medium:1.92%;--awb-spacing-left-medium:1.92%;--awb-width-small:100%;--awb-order-small:0;--awb-spacing-right-small:1.92%;--awb-spacing-left-small:1.92%;\"><div class=\"fusion-column-wrapper fusion-column-has-shadow fusion-flex-justify-content-flex-start fusion-content-layout-column\"><div class=\"fusion-image-element \" style=\"text-align:center;--awb-caption-title-font-family:var(--h2_typography-font-family);--awb-caption-title-font-weight:var(--h2_typography-font-weight);--awb-caption-title-font-style:var(--h2_typography-font-style);--awb-caption-title-size:var(--h2_typography-font-size);--awb-caption-title-transform:var(--h2_typography-text-transform);--awb-caption-title-line-height:var(--h2_typography-line-height);--awb-caption-title-letter-spacing:var(--h2_typography-letter-spacing);\"><span class=\" fusion-imageframe imageframe-none imageframe-1 hover-type-none\"><img decoding=\"async\" width=\"700\" height=\"180\" alt=\"NExtGeneration EU Logo\" title=\"NExtGeneration EU Logo\" src=\"https:\/\/tltkindergarten.com\/wp-content\/uploads\/2024\/11\/TLT-EU-2.jpg\" data-orig-src=\"https:\/\/tltkindergarten.com\/wp-content\/uploads\/2024\/11\/TLT-EU-2.jpg\" class=\"lazyload img-responsive wp-image-2184\" srcset=\"data:image\/svg+xml,%3Csvg%20xmlns%3D%27http%3A%2F%2Fwww.w3.org%2F2000%2Fsvg%27%20width%3D%27700%27%20height%3D%27180%27%20viewBox%3D%270%200%20700%20180%27%3E%3Crect%20width%3D%27700%27%20height%3D%27180%27%20fill-opacity%3D%220%22%2F%3E%3C%2Fsvg%3E\" data-srcset=\"https:\/\/tltkindergarten.com\/wp-content\/uploads\/2024\/11\/TLT-EU-2-200x51.jpg 200w, https:\/\/tltkindergarten.com\/wp-content\/uploads\/2024\/11\/TLT-EU-2-400x103.jpg 400w, https:\/\/tltkindergarten.com\/wp-content\/uploads\/2024\/11\/TLT-EU-2-600x154.jpg 600w, https:\/\/tltkindergarten.com\/wp-content\/uploads\/2024\/11\/TLT-EU-2.jpg 700w\" data-sizes=\"auto\" data-orig-sizes=\"(max-width: 1024px) 100vw, (max-width: 640px) 100vw, 700px\" \/><\/span><\/div><div class=\"fusion-text fusion-text-1\"><p><strong>Naziv Projekta:<br \/>\n<\/strong>Ulaganje u Internet stranicu Dje\u010djeg vrti\u0107a DRVO ZNANJA<\/p>\n<p><strong>Ime Korisnika:<\/strong><\/p>\n<p>Dje\u010dji vrti\u0107 DRVO ZNANJA<\/p>\n<p><strong>Broj Ugovora:<\/strong><\/p>\n<p>NPOO.C1.1.2.R3-I2.01-V2.0538<br \/>\n<strong><br \/>\n<\/strong><strong>Kratki opis Projekta:<\/strong><\/p>\n<p>Dje\u010dji vrti\u0107 DRVO ZNANJA provodi projekt \u201eUlaganje u internet stranicu Dje\u010djeg vrti\u0107a DRVO ZNANJA\u201c NPOO.C1.1.2.R3-I2-01-V2.0538. Projekt se provodi u sklopu Poziva \u201eVAU\u010cERI ZA DIGITALIZACIJU &#8211; Vau\u010der za digitalni marketing (VDM)\u201c te se sufinancira iz Nacionalnog plana oporavka i otpornosti 2021.-2026. Svrha projekta je pove\u0107anje digitalne zrelosti Dje\u010djeg vrti\u0107a DRVO ZNANJA putem nove internetske stranice \u0161to \u0107e u kona\u010dnici pove\u0107ati konkurentnost i oja\u010dati otpornost i poziciju vrti\u0107a na tr\u017ei\u0161tu te potaknuti rast. Svrha projektnog prijedloga je ulaganje u digitalni marketing Dje\u010djeg vrti\u0107a Drvo znanja izradom nove internetske stranice sa ciljem pove\u0107anja razine digitalne zrelosti poduze\u0107a i digitalnih vje\u0161tina zaposlenika \u0161to \u0107e u kona\u010dnici pove\u0107ati konkurentnost i oja\u010dati otpornost i poziciju poduze\u0107a na tr\u017ei\u0161tu te potaknuti rast kako bi pove\u0107ala sposobnost da odgovori na izazove tr\u017ei\u0161ta i doprinese rje\u0161avanju problema dosada\u0161njih ograni\u010denja dostupnosti i marketin\u0161kog dosega. Ciljne skupine su roditelji djece korisnika i zaposlenici Dje\u010djeg vrti\u0107a DRVO ZNANJA.<\/p>\n<p>Rezultati koji \u0107e zavr\u0161etkom projekta biti ostvarene:<\/p>\n<ul>\n<li>Izra\u0111ena i pu\u0161tena u rad internetska stranica poduze\u0107a<\/li>\n<li>Izvr\u0161ena 1 edukacija<\/li>\n<li>Provedena 1 mjera vidljivosti na Internet stranici<\/li>\n<\/ul>\n<p>REZULTATI projektnog prijedloga su:<\/p>\n<ul>\n<li>pove\u0107ana digitalna zrelost poduze\u0107a kroz izradu nove internetske poduze\u0107a<\/li>\n<li>oja\u010dani ljudski kapaciteti za provedbu digitalizacije (2 zaposlenika)<\/li>\n<li>pove\u0107ana konkurentnost i otpornost poduze\u0107a kroz pove\u0107anje prihoda od prodaje za 5 % godi\u0161nje<\/li>\n<\/ul>\n<p><strong>Ukupna vrijednost Projekta:<\/strong>\u00a06.500,00 \u20ac<br \/>\n<strong>Ukupno prihvatljivi tro\u0161kovi<\/strong>:\u00a05.200,00 \u20ac<br \/>\n<strong>Iznos koji sufinancira EU<\/strong>:\u00a03.120,00 \u20ac<br \/>\n<strong>Razdoblje provedbe Projekta (od- do):<\/strong>\u00a027.11.2023.\u2013 27.11.2024.<\/p>\n<p style=\"text-align: center;\">Sadr\u017eaj ovog materijala isklju\u010divo je odgovornost dru\u0161tva Dje\u010dji vrti\u0107 DRVO ZNANJA<\/p>\n<p style=\"text-align: center;\">Financira Europska unija \u2013 NextGenerationEU. Izneseni stavovi i mi\u0161ljenja samo su autorova i ne odra\u017eavaju nu\u017eno slu\u017ebena stajali\u0161ta Europske unije ili Europske komisije. Ni Europska unija ni Europska komisija ne mogu se smatrati odgovornima za njih.<\/p>\n<\/div><\/div><\/div><\/div><\/div>\n","protected":false},"excerpt":{"rendered":"","protected":false},"author":1,"featured_media":0,"parent":0,"menu_order":0,"comment_status":"closed","ping_status":"closed","template":"","meta":{"footnotes":""},"class_list":["post-2182","page","type-page","status-publish","hentry"],"_links":{"self":[{"href":"https:\/\/tltkindergarten.com\/hr\/wp-json\/wp\/v2\/pages\/2182","targetHints":{"allow":["GET"]}}],"collection":[{"href":"https:\/\/tltkindergarten.com\/hr\/wp-json\/wp\/v2\/pages"}],"about":[{"href":"https:\/\/tltkindergarten.com\/hr\/wp-json\/wp\/v2\/types\/page"}],"author":[{"embeddable":true,"href":"https:\/\/tltkindergarten.com\/hr\/wp-json\/wp\/v2\/users\/1"}],"replies":[{"embeddable":true,"href":"https:\/\/tltkindergarten.com\/hr\/wp-json\/wp\/v2\/comments?post=2182"}],"version-history":[{"count":10,"href":"https:\/\/tltkindergarten.com\/hr\/wp-json\/wp\/v2\/pages\/2182\/revisions"}],"predecessor-version":[{"id":2566,"href":"https:\/\/tltkindergarten.com\/hr\/wp-json\/wp\/v2\/pages\/2182\/revisions\/2566"}],"wp:attachment":[{"href":"https:\/\/tltkindergarten.com\/hr\/wp-json\/wp\/v2\/media?parent=2182"}],"curies":[{"name":"wp","href":"https:\/\/api.w.org\/{rel}","templated":true}]}}