{"id":2532,"date":"2026-03-19T14:32:48","date_gmt":"2026-03-19T14:32:48","guid":{"rendered":"https:\/\/tltkindergarten.com\/?page_id=2532"},"modified":"2026-03-19T15:48:49","modified_gmt":"2026-03-19T15:48:49","slug":"projekt-rekonstrukcija-krovista-zgrade-djecjeg-vrtica","status":"publish","type":"page","link":"https:\/\/tltkindergarten.com\/hr\/projekt-rekonstrukcija-krovista-zgrade-djecjeg-vrtica\/","title":{"rendered":"Projekt &#8211; Rekonstrukcija krova zgrade Dje\u010djeg vrti\u0107a DRVO ZNANJA"},"content":{"rendered":"<p><div class=\"fusion-fullwidth fullwidth-box fusion-builder-row-1 fusion-flex-container has-pattern-background has-mask-background nonhundred-percent-fullwidth non-hundred-percent-height-scrolling\" style=\"--awb-border-radius-top-left:0px;--awb-border-radius-top-right:0px;--awb-border-radius-bottom-right:0px;--awb-border-radius-bottom-left:0px;--awb-flex-wrap:wrap;\" ><div class=\"fusion-builder-row fusion-row fusion-flex-align-items-flex-start fusion-flex-content-wrap\" style=\"max-width:1404px;margin-left: calc(-4% \/ 2 );margin-right: calc(-4% \/ 2 );\"><div class=\"fusion-layout-column fusion_builder_column fusion-builder-column-0 fusion_builder_column_1_1 1_1 fusion-flex-column\" style=\"--awb-bg-size:cover;--awb-width-large:100%;--awb-margin-top-large:0px;--awb-spacing-right-large:1.92%;--awb-margin-bottom-large:50px;--awb-spacing-left-large:1.92%;--awb-width-medium:100%;--awb-order-medium:0;--awb-spacing-right-medium:1.92%;--awb-spacing-left-medium:1.92%;--awb-width-small:100%;--awb-order-small:0;--awb-spacing-right-small:1.92%;--awb-spacing-left-small:1.92%;\"><div class=\"fusion-column-wrapper fusion-column-has-shadow fusion-flex-justify-content-flex-start fusion-content-layout-column\"><div class=\"fusion-image-element \" style=\"text-align:center;--awb-caption-title-font-family:var(--h2_typography-font-family);--awb-caption-title-font-weight:var(--h2_typography-font-weight);--awb-caption-title-font-style:var(--h2_typography-font-style);--awb-caption-title-size:var(--h2_typography-font-size);--awb-caption-title-transform:var(--h2_typography-text-transform);--awb-caption-title-line-height:var(--h2_typography-line-height);--awb-caption-title-letter-spacing:var(--h2_typography-letter-spacing);\"><span class=\" fusion-imageframe imageframe-none imageframe-1 hover-type-none\"><img decoding=\"async\" width=\"300\" height=\"150\" alt=\"ESIF FI Logo\" title=\"ESIF FI logo korisnik RGB\" src=\"https:\/\/tltkindergarten.com\/wp-content\/uploads\/2026\/03\/ESIF-logo.jpg\" data-orig-src=\"https:\/\/tltkindergarten.com\/wp-content\/uploads\/2026\/03\/ESIF-logo-300x150.jpg\" class=\"lazyload img-responsive wp-image-2508\" srcset=\"data:image\/svg+xml,%3Csvg%20xmlns%3D%27http%3A%2F%2Fwww.w3.org%2F2000%2Fsvg%27%20width%3D%27875%27%20height%3D%27437%27%20viewBox%3D%270%200%20875%20437%27%3E%3Crect%20width%3D%27875%27%20height%3D%27437%27%20fill-opacity%3D%220%22%2F%3E%3C%2Fsvg%3E\" data-srcset=\"https:\/\/tltkindergarten.com\/wp-content\/uploads\/2026\/03\/ESIF-logo-200x100.jpg 200w, https:\/\/tltkindergarten.com\/wp-content\/uploads\/2026\/03\/ESIF-logo-400x200.jpg 400w, https:\/\/tltkindergarten.com\/wp-content\/uploads\/2026\/03\/ESIF-logo-600x300.jpg 600w, https:\/\/tltkindergarten.com\/wp-content\/uploads\/2026\/03\/ESIF-logo-800x400.jpg 800w, https:\/\/tltkindergarten.com\/wp-content\/uploads\/2026\/03\/ESIF-logo.jpg 875w\" data-sizes=\"auto\" data-orig-sizes=\"(max-width: 1024px) 100vw, (max-width: 640px) 100vw, 300px\" \/><\/span><\/div><div class=\"fusion-text fusion-text-1\"><h2 data-path-to-node=\"3\">Financijski instrument ESIF-a<\/h2>\n<p data-path-to-node=\"4\">Financijski instrument <b data-path-to-node=\"4\" data-index-in-node=\"4\">za mikroinvesticijske kredite ESIF-a (Europski strukturni i investicijski fondovi)<\/b> namijenjen je mikro i malim poduze\u0107ima. Financira ga <b data-path-to-node=\"4\" data-index-in-node=\"166\">Europski fond za regionalni razvoj<\/b> . U okviru ovog instrumenta, <b data-path-to-node=\"4\" data-index-in-node=\"225\">HAMAG-BICRO<\/b> osigurava izravne mikroinvesticijske kredite sudionicima u mikro i malim poduze\u0107ima.  <\/p>\n<h2 data-path-to-node=\"5\">ESIF mikro investicijski kredit<\/h2>\n<p data-path-to-node=\"6\"><b data-path-to-node=\"6\" data-index-in-node=\"0\">Dje\u010dji vrti\u0107 DRVO ZNANJA<\/b> je korisnik de minimis potpore u okviru programa <b data-path-to-node=\"6\" data-index-in-node=\"103\">ESIF Micro Investment Loan<\/b> .<\/p>\n<\/div><div class=\"fusion-text fusion-text-2\"><h2 data-path-to-node=\"5\">INFORMACIJE O PROJEKTU<\/h2>\n<p data-path-to-node=\"4\"><b data-path-to-node=\"4\" data-index-in-node=\"0\">Naziv projekta:<\/b> Rekonstrukcija krova zgrade vrti\u0107a Learning Tree<\/p>\n<p data-path-to-node=\"5\"><b data-path-to-node=\"5\" data-index-in-node=\"0\">Korisnik:<\/b> Dje\u010dji vrti\u0107 Learning Tree (Dje\u010dji vrti\u0107 DRVO ZNANJA)<\/p>\n<p data-path-to-node=\"6\"><b data-path-to-node=\"6\" data-index-in-node=\"0\">Opis projekta:<\/b> Krov zgrade vrti\u0107a Learning Tree pretrpio je zna\u010dajna strukturna o\u0161te\u0107enja tijekom potresa u Zagrebu. Kako bi se osigurala daljnja sigurnost objekta, projekt uklju\u010duje potpunu zamjenu krovne infrastrukture. <\/p>\n<p data-path-to-node=\"7\"><b data-path-to-node=\"7\" data-index-in-node=\"0\">O\u010dekivani rezultati projekta:<\/b> Nakon zavr\u0161etka, projekt \u0107e rezultirati potpuno novim krovom za cijeli objekt vrti\u0107a. Klju\u010dni rezultati ovog projektnog prijedloga uklju\u010duju: <\/p>\n<ul data-path-to-node=\"8\">\n<li>\n<p data-path-to-node=\"8,0,0\"><b data-path-to-node=\"8,0,0\" data-index-in-node=\"0\">Pobolj\u0161ana strukturna stabilnost:<\/b> Obnavljanje integriteta gornjeg okvira zgrade.<\/p>\n<\/li>\n<li>\n<p data-path-to-node=\"8,1,0\"><b data-path-to-node=\"8,1,0\" data-index-in-node=\"0\">Pobolj\u0161ana sigurnost:<\/b> Pru\u017eanje sigurnog okru\u017eenja za djecu i osoblje.<\/p>\n<\/li>\n<li>\n<p data-path-to-node=\"8,2,0\"><b data-path-to-node=\"8,2,0\" data-index-in-node=\"0\">Dugoro\u010dna otpornost:<\/b> Za\u0161tita objekta od budu\u0107ih stresora iz okoli\u0161a.<\/p>\n<\/li>\n<\/ul>\n<\/div><\/div><\/div><\/div><\/div><div class=\"fusion-fullwidth fullwidth-box fusion-builder-row-2 fusion-flex-container has-pattern-background has-mask-background nonhundred-percent-fullwidth non-hundred-percent-height-scrolling\" style=\"--awb-border-radius-top-left:0px;--awb-border-radius-top-right:0px;--awb-border-radius-bottom-right:0px;--awb-border-radius-bottom-left:0px;--awb-flex-wrap:wrap;\" ><div class=\"fusion-builder-row fusion-row fusion-flex-align-items-flex-start fusion-flex-content-wrap\" style=\"max-width:1404px;margin-left: calc(-4% \/ 2 );margin-right: calc(-4% \/ 2 );\"><div class=\"fusion-layout-column fusion_builder_column fusion-builder-column-1 fusion_builder_column_1_2 1_2 fusion-flex-column fusion-flex-align-self-center\" style=\"--awb-bg-size:cover;--awb-width-large:50%;--awb-margin-top-large:0px;--awb-spacing-right-large:3.84%;--awb-margin-bottom-large:50px;--awb-spacing-left-large:3.84%;--awb-width-medium:100%;--awb-order-medium:0;--awb-spacing-right-medium:1.92%;--awb-spacing-left-medium:1.92%;--awb-width-small:100%;--awb-order-small:0;--awb-spacing-right-small:1.92%;--awb-spacing-left-small:1.92%;\" data-scroll-devices=\"small-visibility,medium-visibility,large-visibility\"><div class=\"fusion-column-wrapper fusion-column-has-shadow fusion-flex-justify-content-center fusion-content-layout-column\"><div class=\"fusion-image-element \" style=\"text-align:right;--awb-caption-title-font-family:var(--h2_typography-font-family);--awb-caption-title-font-weight:var(--h2_typography-font-weight);--awb-caption-title-font-style:var(--h2_typography-font-style);--awb-caption-title-size:var(--h2_typography-font-size);--awb-caption-title-transform:var(--h2_typography-text-transform);--awb-caption-title-line-height:var(--h2_typography-line-height);--awb-caption-title-letter-spacing:var(--h2_typography-letter-spacing);\"><span class=\" fusion-imageframe imageframe-none imageframe-2 hover-type-none\"><img decoding=\"async\" width=\"300\" height=\"63\" alt=\"Hamag Bicro Logo\" title=\"HAMAG-Bicro-logo\" src=\"https:\/\/tltkindergarten.com\/wp-content\/uploads\/2026\/03\/HAMAG-Bicro-logo.jpg\" data-orig-src=\"https:\/\/tltkindergarten.com\/wp-content\/uploads\/2026\/03\/HAMAG-Bicro-logo-300x63.jpg\" class=\"lazyload img-responsive wp-image-2512\" srcset=\"data:image\/svg+xml,%3Csvg%20xmlns%3D%27http%3A%2F%2Fwww.w3.org%2F2000%2Fsvg%27%20width%3D%27350%27%20height%3D%2773%27%20viewBox%3D%270%200%20350%2073%27%3E%3Crect%20width%3D%27350%27%20height%3D%2773%27%20fill-opacity%3D%220%22%2F%3E%3C%2Fsvg%3E\" data-srcset=\"https:\/\/tltkindergarten.com\/wp-content\/uploads\/2026\/03\/HAMAG-Bicro-logo-200x42.jpg 200w, https:\/\/tltkindergarten.com\/wp-content\/uploads\/2026\/03\/HAMAG-Bicro-logo.jpg 350w\" data-sizes=\"auto\" data-orig-sizes=\"(max-width: 1024px) 100vw, (max-width: 640px) 100vw, 300px\" \/><\/span><\/div><\/div><\/div><div class=\"fusion-layout-column fusion_builder_column fusion-builder-column-2 fusion_builder_column_1_2 1_2 fusion-flex-column\" style=\"--awb-bg-size:cover;--awb-width-large:50%;--awb-margin-top-large:0px;--awb-spacing-right-large:3.84%;--awb-margin-bottom-large:50px;--awb-spacing-left-large:3.84%;--awb-width-medium:100%;--awb-order-medium:0;--awb-spacing-right-medium:1.92%;--awb-spacing-left-medium:1.92%;--awb-width-small:100%;--awb-order-small:0;--awb-spacing-right-small:1.92%;--awb-spacing-left-small:1.92%;\"><div class=\"fusion-column-wrapper fusion-column-has-shadow fusion-flex-justify-content-flex-start fusion-content-layout-column\"><div class=\"fusion-image-element \" style=\"text-align:left;--awb-caption-title-font-family:var(--h2_typography-font-family);--awb-caption-title-font-weight:var(--h2_typography-font-weight);--awb-caption-title-font-style:var(--h2_typography-font-style);--awb-caption-title-size:var(--h2_typography-font-size);--awb-caption-title-transform:var(--h2_typography-text-transform);--awb-caption-title-line-height:var(--h2_typography-line-height);--awb-caption-title-letter-spacing:var(--h2_typography-letter-spacing);\"><span class=\" fusion-imageframe imageframe-none imageframe-3 hover-type-none\"><img decoding=\"async\" width=\"300\" height=\"229\" alt=\"EU logo\" title=\"EU amblem\" src=\"https:\/\/tltkindergarten.com\/wp-content\/uploads\/2026\/03\/EU-amblem.jpg\" data-orig-src=\"https:\/\/tltkindergarten.com\/wp-content\/uploads\/2026\/03\/EU-amblem-300x229.jpg\" class=\"lazyload img-responsive wp-image-2510\" srcset=\"data:image\/svg+xml,%3Csvg%20xmlns%3D%27http%3A%2F%2Fwww.w3.org%2F2000%2Fsvg%27%20width%3D%27459%27%20height%3D%27350%27%20viewBox%3D%270%200%20459%20350%27%3E%3Crect%20width%3D%27459%27%20height%3D%27350%27%20fill-opacity%3D%220%22%2F%3E%3C%2Fsvg%3E\" data-srcset=\"https:\/\/tltkindergarten.com\/wp-content\/uploads\/2026\/03\/EU-amblem-200x153.jpg 200w, https:\/\/tltkindergarten.com\/wp-content\/uploads\/2026\/03\/EU-amblem-400x305.jpg 400w, https:\/\/tltkindergarten.com\/wp-content\/uploads\/2026\/03\/EU-amblem.jpg 459w\" data-sizes=\"auto\" data-orig-sizes=\"(max-width: 1024px) 100vw, (max-width: 640px) 100vw, 300px\" \/><\/span><\/div><\/div><\/div><\/div><\/div><div class=\"fusion-fullwidth fullwidth-box fusion-builder-row-3 fusion-flex-container has-pattern-background has-mask-background nonhundred-percent-fullwidth non-hundred-percent-height-scrolling\" style=\"--awb-border-radius-top-left:0px;--awb-border-radius-top-right:0px;--awb-border-radius-bottom-right:0px;--awb-border-radius-bottom-left:0px;--awb-flex-wrap:wrap;\" ><div class=\"fusion-builder-row fusion-row fusion-flex-align-items-flex-start fusion-flex-content-wrap\" style=\"max-width:1404px;margin-left: calc(-4% \/ 2 );margin-right: calc(-4% \/ 2 );\"><div class=\"fusion-layout-column fusion_builder_column fusion-builder-column-3 fusion_builder_column_1_1 1_1 fusion-flex-column\" style=\"--awb-bg-size:cover;--awb-width-large:100%;--awb-margin-top-large:0px;--awb-spacing-right-large:1.92%;--awb-margin-bottom-large:50px;--awb-spacing-left-large:1.92%;--awb-width-medium:100%;--awb-order-medium:0;--awb-spacing-right-medium:1.92%;--awb-spacing-left-medium:1.92%;--awb-width-small:100%;--awb-order-small:0;--awb-spacing-right-small:1.92%;--awb-spacing-left-small:1.92%;\"><div class=\"fusion-column-wrapper fusion-column-has-shadow fusion-flex-justify-content-flex-start fusion-content-layout-column\"><div class=\"fusion-text fusion-text-3\"><p style=\"text-align: center;\"><i data-path-to-node=\"11\" data-index-in-node=\"0\">Sadr\u017eaj ovog materijala isklju\u010diva je odgovornost Dje\u010djeg vrti\u0107a DRVO ZNANJA.<\/i><\/p>\n<\/div><\/div><\/div><\/div><\/div><\/p>\n","protected":false},"excerpt":{"rendered":"","protected":false},"author":1,"featured_media":0,"parent":0,"menu_order":0,"comment_status":"closed","ping_status":"closed","template":"","meta":{"footnotes":""},"class_list":["post-2532","page","type-page","status-publish","hentry"],"_links":{"self":[{"href":"https:\/\/tltkindergarten.com\/hr\/wp-json\/wp\/v2\/pages\/2532","targetHints":{"allow":["GET"]}}],"collection":[{"href":"https:\/\/tltkindergarten.com\/hr\/wp-json\/wp\/v2\/pages"}],"about":[{"href":"https:\/\/tltkindergarten.com\/hr\/wp-json\/wp\/v2\/types\/page"}],"author":[{"embeddable":true,"href":"https:\/\/tltkindergarten.com\/hr\/wp-json\/wp\/v2\/users\/1"}],"replies":[{"embeddable":true,"href":"https:\/\/tltkindergarten.com\/hr\/wp-json\/wp\/v2\/comments?post=2532"}],"version-history":[{"count":6,"href":"https:\/\/tltkindergarten.com\/hr\/wp-json\/wp\/v2\/pages\/2532\/revisions"}],"predecessor-version":[{"id":2567,"href":"https:\/\/tltkindergarten.com\/hr\/wp-json\/wp\/v2\/pages\/2532\/revisions\/2567"}],"wp:attachment":[{"href":"https:\/\/tltkindergarten.com\/hr\/wp-json\/wp\/v2\/media?parent=2532"}],"curies":[{"name":"wp","href":"https:\/\/api.w.org\/{rel}","templated":true}]}}