{"id":933,"date":"2024-10-18T13:43:01","date_gmt":"2024-10-18T13:43:01","guid":{"rendered":"https:\/\/tltkindergarten.com\/?page_id=933"},"modified":"2025-08-14T08:53:13","modified_gmt":"2025-08-14T08:53:13","slug":"kalendar","status":"publish","type":"page","link":"https:\/\/tltkindergarten.com\/hr\/kalendar\/","title":{"rendered":"Kalendar"},"content":{"rendered":"<p><div class=\"fusion-fullwidth fullwidth-box fusion-builder-row-1 fusion-flex-container has-pattern-background has-mask-background fusion-parallax-none hundred-percent-fullwidth non-hundred-percent-height-scrolling lazyload\" style=\"--awb-background-position-small:right top;--awb-border-radius-top-left:0px;--awb-border-radius-top-right:0px;--awb-border-radius-bottom-right:0px;--awb-border-radius-bottom-left:0px;--awb-padding-top:170px;--awb-padding-bottom:170px;--awb-padding-top-small:0px;--awb-padding-right-small:0px;--awb-padding-bottom-small:111.9034px;--awb-padding-left-small:59.9858px;--awb-margin-top-small:0px;--awb-background-size:cover;--awb-background-size-small:cover;--awb-flex-wrap:wrap;\" data-bg=\"https:\/\/tltkindergarten.com\/wp-content\/uploads\/2024\/11\/TLT-kindergarten-46-1.jpg\" ><div class=\"fusion-builder-row fusion-row fusion-flex-align-items-flex-start fusion-flex-content-wrap\" style=\"width:104% !important;max-width:104% !important;margin-left: calc(-4% \/ 2 );margin-right: calc(-4% \/ 2 );\"><\/div><\/div><div class=\"fusion-fullwidth fullwidth-box fusion-builder-row-2 fusion-flex-container has-pattern-background has-mask-background nonhundred-percent-fullwidth non-hundred-percent-height-scrolling\" style=\"--awb-border-radius-top-left:0px;--awb-border-radius-top-right:0px;--awb-border-radius-bottom-right:0px;--awb-border-radius-bottom-left:0px;--awb-background-color:var(--awb-color2);--awb-flex-wrap:wrap;\" ><div class=\"fusion-builder-row fusion-row fusion-flex-align-items-flex-start fusion-flex-content-wrap\" style=\"max-width:1404px;margin-left: calc(-4% \/ 2 );margin-right: calc(-4% \/ 2 );\"><div class=\"fusion-layout-column fusion_builder_column fusion-builder-column-0 fusion_builder_column_1_1 1_1 fusion-flex-column\" style=\"--awb-bg-size:cover;--awb-width-large:100%;--awb-margin-top-large:0px;--awb-spacing-right-large:1.92%;--awb-margin-bottom-large:50px;--awb-spacing-left-large:1.92%;--awb-width-medium:100%;--awb-order-medium:0;--awb-spacing-right-medium:1.92%;--awb-spacing-left-medium:1.92%;--awb-width-small:100%;--awb-order-small:0;--awb-spacing-right-small:1.92%;--awb-spacing-left-small:1.92%;\"><div class=\"fusion-column-wrapper fusion-column-has-shadow fusion-flex-justify-content-flex-start fusion-content-layout-column\"><div class=\"fusion-separator fusion-full-width-sep\" style=\"align-self: center;margin-left: auto;margin-right: auto;margin-top:15px;margin-bottom:15px;width:100%;\"><\/div><div class=\"fusion-title title fusion-title-1 fusion-sep-none fusion-title-center fusion-title-text fusion-title-size-one\" style=\"--awb-text-color:#d33030;\"><h1 class=\"fusion-title-heading title-heading-center\" style=\"margin:0;\">Kalendar<\/h1><\/div><div class=\"fusion-separator\" style=\"align-self: center;margin-left: auto;margin-right: auto;width:100%;max-width:50%;\"><div class=\"fusion-separator-border sep-single sep-dashed\" style=\"--awb-height:20px;--awb-amount:20px;--awb-sep-color:var(--awb-color3);border-color:var(--awb-color3);border-top-width:2px;\"><\/div><\/div><\/div><\/div><\/div><\/div><div class=\"fusion-fullwidth fullwidth-box fusion-builder-row-3 fusion-flex-container has-pattern-background has-mask-background nonhundred-percent-fullwidth non-hundred-percent-height-scrolling\" style=\"--awb-border-radius-top-left:0px;--awb-border-radius-top-right:0px;--awb-border-radius-bottom-right:0px;--awb-border-radius-bottom-left:0px;--awb-background-color:var(--awb-color2);--awb-flex-wrap:wrap;\" ><div class=\"fusion-builder-row fusion-row fusion-flex-align-items-flex-start fusion-flex-content-wrap\" style=\"max-width:1404px;margin-left: calc(-4% \/ 2 );margin-right: calc(-4% \/ 2 );\"><div class=\"fusion-layout-column fusion_builder_column fusion-builder-column-1 fusion_builder_column_1_1 1_1 fusion-flex-column\" style=\"--awb-bg-size:cover;--awb-width-large:100%;--awb-margin-top-large:0px;--awb-spacing-right-large:1.92%;--awb-margin-bottom-large:50px;--awb-spacing-left-large:1.92%;--awb-width-medium:100%;--awb-order-medium:0;--awb-spacing-right-medium:1.92%;--awb-spacing-left-medium:1.92%;--awb-width-small:100%;--awb-order-small:0;--awb-spacing-right-small:1.92%;--awb-spacing-left-small:1.92%;\"><div class=\"fusion-column-wrapper fusion-column-has-shadow fusion-flex-justify-content-flex-start fusion-content-layout-column\"><div class=\"fusion-text fusion-text-1\"><p>Radni dani: od ponedjeljka do petka<br \/>\nRadno vrijeme: od 8:30 do 17:30<br \/>\nUsluga ranog dolaska je od 7:30 do 8:30<br \/>\nIzvan\u0161kolske aktivnosti odvijaju se izme\u0111u 15:30 i 17:30<\/p>\n<\/div><\/div><\/div><\/div><\/div><div class=\"fusion-fullwidth fullwidth-box fusion-builder-row-4 fusion-flex-container has-pattern-background has-mask-background nonhundred-percent-fullwidth non-hundred-percent-height-scrolling\" style=\"--awb-border-radius-top-left:0px;--awb-border-radius-top-right:0px;--awb-border-radius-bottom-right:0px;--awb-border-radius-bottom-left:0px;--awb-background-color:var(--awb-color2);--awb-flex-wrap:wrap;\" ><div class=\"fusion-builder-row fusion-row fusion-flex-align-items-flex-start fusion-flex-content-wrap\" style=\"max-width:1404px;margin-left: calc(-4% \/ 2 );margin-right: calc(-4% \/ 2 );\"><div class=\"fusion-layout-column fusion_builder_column fusion-builder-column-2 fusion_builder_column_1_2 1_2 fusion-flex-column\" style=\"--awb-bg-size:cover;--awb-width-large:50%;--awb-margin-top-large:0px;--awb-spacing-right-large:3.84%;--awb-margin-bottom-large:0px;--awb-spacing-left-large:3.84%;--awb-width-medium:100%;--awb-order-medium:0;--awb-spacing-right-medium:1.92%;--awb-spacing-left-medium:1.92%;--awb-width-small:100%;--awb-order-small:0;--awb-spacing-right-small:1.92%;--awb-spacing-left-small:1.92%;\"><div class=\"fusion-column-wrapper fusion-column-has-shadow fusion-flex-justify-content-flex-start fusion-content-layout-column\"><div class=\"fusion-title title fusion-title-2 fusion-sep-none fusion-title-center fusion-title-text fusion-title-size-two\"><h2 class=\"fusion-title-heading title-heading-center\" style=\"font-family:&quot;Amatic SC&quot;;font-style:normal;font-weight:400;margin:0;\"><p>Nova \u0161kolska godina<br \/>\n2025-2026<\/p><\/h2><\/div><\/div><\/div><div class=\"fusion-layout-column fusion_builder_column fusion-builder-column-3 fusion_builder_column_1_2 1_2 fusion-flex-column\" style=\"--awb-bg-size:cover;--awb-width-large:50%;--awb-margin-top-large:0px;--awb-spacing-right-large:3.84%;--awb-margin-bottom-large:0px;--awb-spacing-left-large:3.84%;--awb-width-medium:100%;--awb-order-medium:0;--awb-spacing-right-medium:1.92%;--awb-spacing-left-medium:1.92%;--awb-width-small:100%;--awb-order-small:0;--awb-spacing-right-small:1.92%;--awb-spacing-left-small:1.92%;\"><div class=\"fusion-column-wrapper fusion-column-has-shadow fusion-flex-justify-content-flex-start fusion-content-layout-column\"><div class=\"fusion-title title fusion-title-3 fusion-sep-none fusion-title-center fusion-title-text fusion-title-size-two\" style=\"--awb-sep-color:var(--awb-color3);\"><h2 class=\"fusion-title-heading title-heading-center\" style=\"font-family:&quot;Amatic SC&quot;;font-style:normal;font-weight:400;margin:0;\"><p>Hrvatski praznici<br \/>\n2025-2026<\/p><\/h2><\/div><\/div><\/div><\/div><\/div><div class=\"fusion-fullwidth fullwidth-box fusion-builder-row-5 fusion-flex-container has-pattern-background has-mask-background nonhundred-percent-fullwidth non-hundred-percent-height-scrolling\" style=\"--awb-border-radius-top-left:0px;--awb-border-radius-top-right:0px;--awb-border-radius-bottom-right:0px;--awb-border-radius-bottom-left:0px;--awb-background-color:var(--awb-color2);--awb-flex-wrap:wrap;\" ><div class=\"fusion-builder-row fusion-row fusion-flex-align-items-flex-start fusion-flex-content-wrap\" style=\"max-width:1404px;margin-left: calc(-4% \/ 2 );margin-right: calc(-4% \/ 2 );\"><div class=\"fusion-layout-column fusion_builder_column fusion-builder-column-4 fusion_builder_column_1_2 1_2 fusion-flex-column\" style=\"--awb-bg-color:var(--awb-color3);--awb-bg-color-hover:var(--awb-color3);--awb-bg-size:cover;--awb-width-large:50%;--awb-margin-top-large:0px;--awb-spacing-right-large:3.84%;--awb-margin-bottom-large:50px;--awb-spacing-left-large:3.84%;--awb-width-medium:100%;--awb-order-medium:0;--awb-spacing-right-medium:1.92%;--awb-spacing-left-medium:1.92%;--awb-width-small:100%;--awb-order-small:0;--awb-spacing-right-small:1.92%;--awb-spacing-left-small:1.92%;\"><div class=\"fusion-column-wrapper fusion-column-has-shadow fusion-flex-justify-content-flex-start fusion-content-layout-column\">\n<div class=\"table-2\">\n<table width=\"100%\">\n<thead>\n<tr>\n<th align=\"left\">\n<h4><span style=\"color: #d33030;\">\u0160kolska godina<\/span><\/h4>\n<\/th>\n<\/tr>\n<\/thead>\n<tbody>\n<tr>\n<td align=\"left\"><span style=\"color: #ffffff;\">Po\u010dinje u ponedjeljak 1. rujna 2025.<\/span><\/td>\n<\/tr>\n<tr>\n<td align=\"left\"><span style=\"color: #ffffff;\">Zavr\u0161ava u \u010detvrtak 18. lipnja 2026.<\/span><\/td>\n<\/tr>\n<\/tbody>\n<\/table>\n<p>&nbsp;<\/p>\n<\/div>\n<div class=\"fusion-separator fusion-full-width-sep\" style=\"align-self: center;margin-left: auto;margin-right: auto;margin-top:30 px;margin-bottom:30px;width:100%;\"><\/div>\n<div class=\"table-2\">\n<table width=\"100%\">\n<thead>\n<tr>\n<th align=\"left\"><span style=\"color: #d33030;\">Zimski praznici<\/span><\/th>\n<th align=\"left\"><\/th>\n<\/tr>\n<\/thead>\n<tbody>\n<tr>\n<td align=\"left\"><span style=\"color: #ffffff;\">22.12.2025.-9.1.2026.<\/span><\/td>\n<td align=\"left\"><span style=\"color: #ffffff;\">25. i 26. prosinca su dr\u017eavni praznici<\/span><br \/>\n<span style=\"color: #ffffff;\">1. i 6. sije\u010dnja su dr\u017eavni praznici<\/span><\/td>\n<\/tr>\n<\/tbody>\n<\/table>\n<\/div>\n<div class=\"fusion-separator fusion-full-width-sep\" style=\"align-self: center;margin-left: auto;margin-right: auto;margin-top:30 px;margin-bottom:30px;width:100%;\"><\/div>\n<div class=\"table-2\">\n<table width=\"100%\">\n<thead>\n<tr>\n<th align=\"left\"><span style=\"color: #d33030;\">Proljetni praznici<\/span><\/th>\n<th align=\"left\"><\/th>\n<\/tr>\n<\/thead>\n<tbody>\n<tr>\n<td align=\"left\"><span style=\"color: #ffffff;\">27.3.2026.-6.4.2026.<\/span><\/td>\n<td align=\"left\"><span style=\"color: #ffffff;\">27. o\u017eujka je sastanak osoblja &#8211; bez djece<\/span><\/td>\n<\/tr>\n<\/tbody>\n<\/table>\n<\/div>\n<div class=\"fusion-separator fusion-full-width-sep\" style=\"align-self: center;margin-left: auto;margin-right: auto;margin-top:30 px;margin-bottom:30px;width:100%;\"><\/div>\n<div class=\"table-2\">\n<table width=\"100%\">\n<thead>\n<tr>\n<th align=\"left\">\n<h4><span style=\"color: #d33030;\">Engleski ljetni program\/kamp za djecu 2026<\/span><\/h4>\n<\/th>\n<\/tr>\n<\/thead>\n<tbody>\n<tr>\n<td align=\"left\"><span style=\"color: #ffffff;\">29.06.2026. -24.07.2026.<\/span><\/td>\n<\/tr>\n<\/tbody>\n<\/table>\n<\/div>\n<\/div><\/div><div class=\"fusion-layout-column fusion_builder_column fusion-builder-column-5 fusion_builder_column_1_2 1_2 fusion-flex-column\" style=\"--awb-bg-color:var(--awb-color3);--awb-bg-color-hover:var(--awb-color3);--awb-bg-size:cover;--awb-width-large:50%;--awb-margin-top-large:0px;--awb-spacing-right-large:3.84%;--awb-margin-bottom-large:50px;--awb-spacing-left-large:3.84%;--awb-width-medium:100%;--awb-order-medium:0;--awb-spacing-right-medium:1.92%;--awb-spacing-left-medium:1.92%;--awb-width-small:100%;--awb-order-small:0;--awb-spacing-right-small:1.92%;--awb-spacing-left-small:1.92%;\"><div class=\"fusion-column-wrapper fusion-column-has-shadow fusion-flex-justify-content-flex-start fusion-content-layout-column\">\n<div class=\"table-2\">\n<table width=\"100%\">\n<thead>\n<tr>\n<th align=\"left\"><span style=\"color: #d33030;\">Datum<\/span><\/th>\n<th align=\"left\"><span style=\"color: #d33030;\">Praznik<\/span><\/th>\n<\/tr>\n<\/thead>\n<tbody>\n<tr>\n<td align=\"left\"><span style=\"color: #ffffff;\">1. studeni<\/span><\/td>\n<td align=\"left\"><span style=\"color: #ffffff;\">Dan Svih svetih<\/span><\/td>\n<\/tr>\n<tr>\n<td align=\"left\"><span style=\"color: #ffffff;\">18. studeni<\/span><\/td>\n<td align=\"left\"><span style=\"color: #ffffff;\">Dan sje\u0107anja na \u017ertve Domovinskog rata<\/span><\/td>\n<\/tr>\n<tr>\n<td align=\"left\"><span style=\"color: #ffffff;\">25. prosinca<\/span><\/td>\n<td align=\"left\"><span style=\"color: #ffffff;\">Bo\u017ei\u0107<\/span><\/td>\n<\/tr>\n<tr>\n<td align=\"left\"><span style=\"color: #ffffff;\">26. prosinca<\/span><\/td>\n<td align=\"left\"><span style=\"color: #ffffff;\">Sveti Stjepan<\/span><\/td>\n<\/tr>\n<tr>\n<td align=\"left\"><span style=\"color: #ffffff;\">1. sije\u010danj<\/span><\/td>\n<td align=\"left\"><span style=\"color: #ffffff;\">Nova godina<\/span><\/td>\n<\/tr>\n<tr>\n<td align=\"left\"><span style=\"color: #ffffff;\">6. sije\u010danj<\/span><\/td>\n<td align=\"left\"><span style=\"color: #ffffff;\">Sveta tri kralja<\/span><\/td>\n<\/tr>\n<tr>\n<td align=\"left\"><span style=\"color: #ffffff;\">5. travanj<\/span><\/td>\n<td align=\"left\"><span style=\"color: #ffffff;\">Uskrs<\/span><\/td>\n<\/tr>\n<tr>\n<td align=\"left\"><span style=\"color: #ffffff;\">6. travanj<\/span><\/td>\n<td align=\"left\"><span style=\"color: #ffffff;\">Uskrsni ponedjeljak<\/span><\/td>\n<\/tr>\n<tr>\n<td align=\"left\"><span style=\"color: #ffffff;\">1. svibanj<\/span><\/td>\n<td align=\"left\"><span style=\"color: #ffffff;\">Praznik rada<\/span><\/td>\n<\/tr>\n<tr>\n<td align=\"left\"><span style=\"color: #ffffff;\">30. svibanj<\/span><\/td>\n<td align=\"left\"><span style=\"color: #ffffff;\">Dan dr\u017eavnosti<\/span><\/td>\n<\/tr>\n<tr>\n<td align=\"left\"><span style=\"color: #ffffff;\">4. lipanj<\/span><\/td>\n<td align=\"left\"><span style=\"color: #ffffff;\">Tijelovo<\/span><\/td>\n<\/tr>\n<tr>\n<td align=\"left\"><span style=\"color: #ffffff;\">22. lipanj<\/span><\/td>\n<td align=\"left\"><span style=\"color: #ffffff;\">Dan antifa\u0161isti\u010dke borbe<\/span><\/td>\n<\/tr>\n<tr>\n<td align=\"left\"><span style=\"color: #ffffff;\">5. kolovoz<\/span><\/td>\n<td align=\"left\"><span style=\"color: #ffffff;\">Dan pobjede i domovinske zahvalnosti<\/span><\/td>\n<\/tr>\n<tr>\n<td align=\"left\"><span style=\"color: #ffffff;\">15. kolovoz<\/span><\/td>\n<td align=\"left\"><span style=\"color: #ffffff;\">Velika Gospa<\/span><\/td>\n<\/tr>\n<\/tbody>\n<\/table>\n<\/div>\n<\/div><\/div><\/div><\/div><div class=\"fusion-fullwidth fullwidth-box fusion-builder-row-6 fusion-flex-container has-pattern-background has-mask-background nonhundred-percent-fullwidth non-hundred-percent-height-scrolling\" style=\"--awb-border-radius-top-left:0px;--awb-border-radius-top-right:0px;--awb-border-radius-bottom-right:0px;--awb-border-radius-bottom-left:0px;--awb-background-color:var(--awb-color2);--awb-flex-wrap:wrap;\" ><div class=\"fusion-builder-row fusion-row fusion-flex-align-items-flex-start fusion-flex-content-wrap\" style=\"max-width:1404px;margin-left: calc(-4% \/ 2 );margin-right: calc(-4% \/ 2 );\"><div class=\"fusion-layout-column fusion_builder_column fusion-builder-column-6 fusion_builder_column_1_2 1_2 fusion-flex-column\" style=\"--awb-bg-size:cover;--awb-width-large:50%;--awb-margin-top-large:0px;--awb-spacing-right-large:3.84%;--awb-margin-bottom-large:50px;--awb-spacing-left-large:3.84%;--awb-width-medium:100%;--awb-order-medium:0;--awb-spacing-right-medium:1.92%;--awb-spacing-left-medium:1.92%;--awb-width-small:100%;--awb-order-small:0;--awb-spacing-right-small:1.92%;--awb-spacing-left-small:1.92%;\"><div class=\"fusion-column-wrapper fusion-column-has-shadow fusion-flex-justify-content-flex-start fusion-content-layout-column\"><div class=\"fusion-text fusion-text-2\"><p><span style=\"color: #487d4f;\">*Datumi su podlo\u017eni promjenama<\/span><\/p>\n<\/div><\/div><\/div><div class=\"fusion-layout-column fusion_builder_column fusion-builder-column-7 fusion_builder_column_1_2 1_2 fusion-flex-column\" style=\"--awb-bg-size:cover;--awb-width-large:50%;--awb-margin-top-large:0px;--awb-spacing-right-large:3.84%;--awb-margin-bottom-large:50px;--awb-spacing-left-large:3.84%;--awb-width-medium:100%;--awb-order-medium:0;--awb-spacing-right-medium:1.92%;--awb-spacing-left-medium:1.92%;--awb-width-small:100%;--awb-order-small:0;--awb-spacing-right-small:1.92%;--awb-spacing-left-small:1.92%;\"><div class=\"fusion-column-wrapper fusion-column-has-shadow fusion-flex-justify-content-flex-start fusion-content-layout-column\"><div class=\"fusion-text fusion-text-3\"><p><span style=\"color: #487d4f;\">*Svi praznici su neradni bez obzira na koji dan u tjednu padaju.<\/span><br \/>\n<span style=\"color: #487d4f;\">**Dje\u010dji vrti\u0107 Drvo znanja prati dr\u017eavne i \u0161kolske praznike u Hrvatskoj.<\/span><\/p>\n<\/div><\/div><\/div><\/div><\/div><\/p>\n","protected":false},"excerpt":{"rendered":"","protected":false},"author":1,"featured_media":0,"parent":0,"menu_order":0,"comment_status":"closed","ping_status":"closed","template":"100-width.php","meta":{"footnotes":""},"class_list":["post-933","page","type-page","status-publish","hentry"],"_links":{"self":[{"href":"https:\/\/tltkindergarten.com\/hr\/wp-json\/wp\/v2\/pages\/933","targetHints":{"allow":["GET"]}}],"collection":[{"href":"https:\/\/tltkindergarten.com\/hr\/wp-json\/wp\/v2\/pages"}],"about":[{"href":"https:\/\/tltkindergarten.com\/hr\/wp-json\/wp\/v2\/types\/page"}],"author":[{"embeddable":true,"href":"https:\/\/tltkindergarten.com\/hr\/wp-json\/wp\/v2\/users\/1"}],"replies":[{"embeddable":true,"href":"https:\/\/tltkindergarten.com\/hr\/wp-json\/wp\/v2\/comments?post=933"}],"version-history":[{"count":75,"href":"https:\/\/tltkindergarten.com\/hr\/wp-json\/wp\/v2\/pages\/933\/revisions"}],"predecessor-version":[{"id":2463,"href":"https:\/\/tltkindergarten.com\/hr\/wp-json\/wp\/v2\/pages\/933\/revisions\/2463"}],"wp:attachment":[{"href":"https:\/\/tltkindergarten.com\/hr\/wp-json\/wp\/v2\/media?parent=933"}],"curies":[{"name":"wp","href":"https:\/\/api.w.org\/{rel}","templated":true}]}}